{"id":176,"date":"2019-05-31T15:40:47","date_gmt":"2019-05-31T13:40:47","guid":{"rendered":"http:\/\/himmelszelt-mg.de\/wordpress\/?page_id=176"},"modified":"2019-05-31T15:40:47","modified_gmt":"2019-05-31T13:40:47","slug":"sinnesbereich-und-snoezelenraum","status":"publish","type":"page","link":"https:\/\/himmelszelt-mg.de\/wordpress\/sinnesbereich-und-snoezelenraum\/","title":{"rendered":"Sinnesbereich und Snoezelenraum"},"content":{"rendered":"\n<figure class=\"wp-block-image\"><img loading=\"lazy\" decoding=\"async\" width=\"764\" height=\"1024\" src=\"https:\/\/himmelszelt-mg.de\/wordpress\/wp-content\/uploads\/2019\/05\/Drehen-und-Schrauben-764x1024.jpg\" alt=\"\" class=\"wp-image-177\" srcset=\"https:\/\/himmelszelt-mg.de\/wordpress\/wp-content\/uploads\/2019\/05\/Drehen-und-Schrauben.jpg 764w, https:\/\/himmelszelt-mg.de\/wordpress\/wp-content\/uploads\/2019\/05\/Drehen-und-Schrauben-224x300.jpg 224w\" sizes=\"auto, (max-width: 764px) 100vw, 764px\" \/><figcaption>Drehen und Schrauben<\/figcaption><\/figure>\n\n\n\n<figure class=\"wp-block-image\"><img loading=\"lazy\" decoding=\"async\" width=\"768\" height=\"1024\" src=\"https:\/\/himmelszelt-mg.de\/wordpress\/wp-content\/uploads\/2019\/05\/Ein-Bad-in-B\u00e4llen...-768x1024.jpg\" alt=\"\" class=\"wp-image-178\" srcset=\"https:\/\/himmelszelt-mg.de\/wordpress\/wp-content\/uploads\/2019\/05\/Ein-Bad-in-B\u00e4llen....jpg 768w, https:\/\/himmelszelt-mg.de\/wordpress\/wp-content\/uploads\/2019\/05\/Ein-Bad-in-B\u00e4llen...-225x300.jpg 225w\" sizes=\"auto, (max-width: 768px) 100vw, 768px\" \/><figcaption>Ein Bad in B\u00e4llen\u2026<\/figcaption><\/figure>\n\n\n\n<figure class=\"wp-block-image\"><img loading=\"lazy\" decoding=\"async\" width=\"1024\" height=\"768\" src=\"https:\/\/himmelszelt-mg.de\/wordpress\/wp-content\/uploads\/2019\/05\/F\u00fcllen-Sch\u00fctten-Gie\u00dfen-im-Sandbecken-1024x768.jpg\" alt=\"\" class=\"wp-image-179\" srcset=\"https:\/\/himmelszelt-mg.de\/wordpress\/wp-content\/uploads\/2019\/05\/F\u00fcllen-Sch\u00fctten-Gie\u00dfen-im-Sandbecken.jpg 1024w, https:\/\/himmelszelt-mg.de\/wordpress\/wp-content\/uploads\/2019\/05\/F\u00fcllen-Sch\u00fctten-Gie\u00dfen-im-Sandbecken-300x225.jpg 300w, https:\/\/himmelszelt-mg.de\/wordpress\/wp-content\/uploads\/2019\/05\/F\u00fcllen-Sch\u00fctten-Gie\u00dfen-im-Sandbecken-768x576.jpg 768w\" sizes=\"auto, (max-width: 1024px) 100vw, 1024px\" \/><figcaption>F\u00fcllen, Sch\u00fctten, Gie\u00dfen im Sandbecken<\/figcaption><\/figure>\n\n\n\n<figure class=\"wp-block-image\"><img loading=\"lazy\" decoding=\"async\" width=\"1024\" height=\"768\" src=\"https:\/\/himmelszelt-mg.de\/wordpress\/wp-content\/uploads\/2019\/05\/Haptische-Erfahrungen-mit-Rasierschaum-Knete-Seife-Creme-und-Co.-1024x768.jpg\" alt=\"\" class=\"wp-image-180\" srcset=\"https:\/\/himmelszelt-mg.de\/wordpress\/wp-content\/uploads\/2019\/05\/Haptische-Erfahrungen-mit-Rasierschaum-Knete-Seife-Creme-und-Co..jpg 1024w, https:\/\/himmelszelt-mg.de\/wordpress\/wp-content\/uploads\/2019\/05\/Haptische-Erfahrungen-mit-Rasierschaum-Knete-Seife-Creme-und-Co.-300x225.jpg 300w, https:\/\/himmelszelt-mg.de\/wordpress\/wp-content\/uploads\/2019\/05\/Haptische-Erfahrungen-mit-Rasierschaum-Knete-Seife-Creme-und-Co.-768x576.jpg 768w\" sizes=\"auto, (max-width: 1024px) 100vw, 1024px\" \/><figcaption>Haptische Erfahrungen mit Rasierschaum, Knete, Seife, Creme und Co.<\/figcaption><\/figure>\n\n\n\n<figure class=\"wp-block-image\"><img loading=\"lazy\" decoding=\"async\" width=\"768\" height=\"1024\" src=\"https:\/\/himmelszelt-mg.de\/wordpress\/wp-content\/uploads\/2019\/05\/Mit-Schneebesen-r\u00fchren-wir-bis-der-Schaum-kommt.-768x1024.jpg\" alt=\"\" class=\"wp-image-181\" srcset=\"https:\/\/himmelszelt-mg.de\/wordpress\/wp-content\/uploads\/2019\/05\/Mit-Schneebesen-r\u00fchren-wir-bis-der-Schaum-kommt..jpg 768w, https:\/\/himmelszelt-mg.de\/wordpress\/wp-content\/uploads\/2019\/05\/Mit-Schneebesen-r\u00fchren-wir-bis-der-Schaum-kommt.-225x300.jpg 225w\" sizes=\"auto, (max-width: 768px) 100vw, 768px\" \/><figcaption>Mit Schneebesen r\u00fchren wir bis der Schaum kommt.<\/figcaption><\/figure>\n\n\n\n<figure class=\"wp-block-image\"><img loading=\"lazy\" decoding=\"async\" width=\"1024\" height=\"768\" src=\"https:\/\/himmelszelt-mg.de\/wordpress\/wp-content\/uploads\/2019\/05\/Schwer-und-Leicht...-1024x768.jpg\" alt=\"\" class=\"wp-image-182\" srcset=\"https:\/\/himmelszelt-mg.de\/wordpress\/wp-content\/uploads\/2019\/05\/Schwer-und-Leicht....jpg 1024w, https:\/\/himmelszelt-mg.de\/wordpress\/wp-content\/uploads\/2019\/05\/Schwer-und-Leicht...-300x225.jpg 300w, https:\/\/himmelszelt-mg.de\/wordpress\/wp-content\/uploads\/2019\/05\/Schwer-und-Leicht...-768x576.jpg 768w\" sizes=\"auto, (max-width: 1024px) 100vw, 1024px\" \/><figcaption>Schwer und Leicht<\/figcaption><\/figure>\n\n\n\n<figure class=\"wp-block-image\"><img loading=\"lazy\" decoding=\"async\" width=\"1024\" height=\"768\" src=\"https:\/\/himmelszelt-mg.de\/wordpress\/wp-content\/uploads\/2019\/05\/Unser-Trockenbad-mit-Kn\u00f6pfen-Erbsen-oder-Korken-l\u00e4d-zur-ganzk\u00f6rperlichen-Wahrnehmung-ein.-1024x768.jpg\" alt=\"\" class=\"wp-image-183\" srcset=\"https:\/\/himmelszelt-mg.de\/wordpress\/wp-content\/uploads\/2019\/05\/Unser-Trockenbad-mit-Kn\u00f6pfen-Erbsen-oder-Korken-l\u00e4d-zur-ganzk\u00f6rperlichen-Wahrnehmung-ein..jpg 1024w, https:\/\/himmelszelt-mg.de\/wordpress\/wp-content\/uploads\/2019\/05\/Unser-Trockenbad-mit-Kn\u00f6pfen-Erbsen-oder-Korken-l\u00e4d-zur-ganzk\u00f6rperlichen-Wahrnehmung-ein.-300x225.jpg 300w, https:\/\/himmelszelt-mg.de\/wordpress\/wp-content\/uploads\/2019\/05\/Unser-Trockenbad-mit-Kn\u00f6pfen-Erbsen-oder-Korken-l\u00e4d-zur-ganzk\u00f6rperlichen-Wahrnehmung-ein.-768x576.jpg 768w\" sizes=\"auto, (max-width: 1024px) 100vw, 1024px\" \/><figcaption>Unser Trockenbad mit Kn\u00f6pfen, Erbsen oder Korken l\u00e4d zur ganzk\u00f6rperlichen Wahrnehmung ein.<\/figcaption><\/figure>\n\n\n\n<figure class=\"wp-block-image\"><img loading=\"lazy\" decoding=\"async\" width=\"1024\" height=\"768\" src=\"https:\/\/himmelszelt-mg.de\/wordpress\/wp-content\/uploads\/2019\/05\/Was-w\u00e4scht-denn-da...-Wir-z\u00fcchten-Pflanzen-f\u00fcr-unsere-Gartenbeete-1024x768.jpg\" alt=\"\" class=\"wp-image-184\" srcset=\"https:\/\/himmelszelt-mg.de\/wordpress\/wp-content\/uploads\/2019\/05\/Was-w\u00e4scht-denn-da...-Wir-z\u00fcchten-Pflanzen-f\u00fcr-unsere-Gartenbeete.jpg 1024w, https:\/\/himmelszelt-mg.de\/wordpress\/wp-content\/uploads\/2019\/05\/Was-w\u00e4scht-denn-da...-Wir-z\u00fcchten-Pflanzen-f\u00fcr-unsere-Gartenbeete-300x225.jpg 300w, https:\/\/himmelszelt-mg.de\/wordpress\/wp-content\/uploads\/2019\/05\/Was-w\u00e4scht-denn-da...-Wir-z\u00fcchten-Pflanzen-f\u00fcr-unsere-Gartenbeete-768x576.jpg 768w\" sizes=\"auto, (max-width: 1024px) 100vw, 1024px\" \/><figcaption>Was w\u00e4scht denn da\u2026 &#8211; Wir z\u00fcchten Pflanzen f\u00fcr unsere Gartenbeete<\/figcaption><\/figure>\n\n\n\n<figure class=\"wp-block-image\"><img loading=\"lazy\" decoding=\"async\" width=\"768\" height=\"1024\" src=\"https:\/\/himmelszelt-mg.de\/wordpress\/wp-content\/uploads\/2019\/05\/Unserer-Wassers\u00e4ule-im-Snoezelenraum-768x1024.jpg\" alt=\"\" class=\"wp-image-185\" srcset=\"https:\/\/himmelszelt-mg.de\/wordpress\/wp-content\/uploads\/2019\/05\/Unserer-Wassers\u00e4ule-im-Snoezelenraum.jpg 768w, https:\/\/himmelszelt-mg.de\/wordpress\/wp-content\/uploads\/2019\/05\/Unserer-Wassers\u00e4ule-im-Snoezelenraum-225x300.jpg 225w\" sizes=\"auto, (max-width: 768px) 100vw, 768px\" \/><figcaption>Unserer Wassers\u00e4ule im Snoezelenraum<\/figcaption><\/figure>\n\n\n\n<figure class=\"wp-block-image\"><img loading=\"lazy\" decoding=\"async\" width=\"1024\" height=\"768\" src=\"https:\/\/himmelszelt-mg.de\/wordpress\/wp-content\/uploads\/2019\/05\/Was-tut-meinem-K\u00f6rper-gut-Tasts\u00e4ckchen-Pinsel-und-andere-Massagematerialien-kommen-hier-zum-Einsatz.-1024x768.jpg\" alt=\"\" class=\"wp-image-186\" srcset=\"https:\/\/himmelszelt-mg.de\/wordpress\/wp-content\/uploads\/2019\/05\/Was-tut-meinem-K\u00f6rper-gut-Tasts\u00e4ckchen-Pinsel-und-andere-Massagematerialien-kommen-hier-zum-Einsatz..jpg 1024w, https:\/\/himmelszelt-mg.de\/wordpress\/wp-content\/uploads\/2019\/05\/Was-tut-meinem-K\u00f6rper-gut-Tasts\u00e4ckchen-Pinsel-und-andere-Massagematerialien-kommen-hier-zum-Einsatz.-300x225.jpg 300w, https:\/\/himmelszelt-mg.de\/wordpress\/wp-content\/uploads\/2019\/05\/Was-tut-meinem-K\u00f6rper-gut-Tasts\u00e4ckchen-Pinsel-und-andere-Massagematerialien-kommen-hier-zum-Einsatz.-768x576.jpg 768w\" sizes=\"auto, (max-width: 1024px) 100vw, 1024px\" \/><figcaption>Was tut meinem K\u00f6rper gut &#8211; Tasts\u00e4ckchen, Pinsel und andere Massagematerialien kommen hier zum Einsatz.<\/figcaption><\/figure>\n","protected":false},"excerpt":{"rendered":"","protected":false},"author":1,"featured_media":0,"parent":0,"menu_order":0,"comment_status":"closed","ping_status":"closed","template":"","meta":{"footnotes":""},"class_list":["post-176","page","type-page","status-publish","hentry"],"_links":{"self":[{"href":"https:\/\/himmelszelt-mg.de\/wordpress\/wp-json\/wp\/v2\/pages\/176","targetHints":{"allow":["GET"]}}],"collection":[{"href":"https:\/\/himmelszelt-mg.de\/wordpress\/wp-json\/wp\/v2\/pages"}],"about":[{"href":"https:\/\/himmelszelt-mg.de\/wordpress\/wp-json\/wp\/v2\/types\/page"}],"author":[{"embeddable":true,"href":"https:\/\/himmelszelt-mg.de\/wordpress\/wp-json\/wp\/v2\/users\/1"}],"replies":[{"embeddable":true,"href":"https:\/\/himmelszelt-mg.de\/wordpress\/wp-json\/wp\/v2\/comments?post=176"}],"version-history":[{"count":1,"href":"https:\/\/himmelszelt-mg.de\/wordpress\/wp-json\/wp\/v2\/pages\/176\/revisions"}],"predecessor-version":[{"id":187,"href":"https:\/\/himmelszelt-mg.de\/wordpress\/wp-json\/wp\/v2\/pages\/176\/revisions\/187"}],"wp:attachment":[{"href":"https:\/\/himmelszelt-mg.de\/wordpress\/wp-json\/wp\/v2\/media?parent=176"}],"curies":[{"name":"wp","href":"https:\/\/api.w.org\/{rel}","templated":true}]}}