{"id":196,"date":"2019-05-31T15:49:13","date_gmt":"2019-05-31T13:49:13","guid":{"rendered":"http:\/\/himmelszelt-mg.de\/wordpress\/?page_id=196"},"modified":"2019-05-31T15:49:13","modified_gmt":"2019-05-31T13:49:13","slug":"restaurant","status":"publish","type":"page","link":"https:\/\/himmelszelt-mg.de\/wordpress\/restaurant\/","title":{"rendered":"Restaurant"},"content":{"rendered":"\n<figure class=\"wp-block-image\"><img loading=\"lazy\" decoding=\"async\" width=\"1024\" height=\"768\" src=\"https:\/\/himmelszelt-mg.de\/wordpress\/wp-content\/uploads\/2019\/05\/Beim-Fr\u00fchst\u00fcck-ist-f\u00fcr-jeden-was-dabei...-1024x768.jpg\" alt=\"\" class=\"wp-image-197\" srcset=\"https:\/\/himmelszelt-mg.de\/wordpress\/wp-content\/uploads\/2019\/05\/Beim-Fr\u00fchst\u00fcck-ist-f\u00fcr-jeden-was-dabei....jpg 1024w, https:\/\/himmelszelt-mg.de\/wordpress\/wp-content\/uploads\/2019\/05\/Beim-Fr\u00fchst\u00fcck-ist-f\u00fcr-jeden-was-dabei...-300x225.jpg 300w, https:\/\/himmelszelt-mg.de\/wordpress\/wp-content\/uploads\/2019\/05\/Beim-Fr\u00fchst\u00fcck-ist-f\u00fcr-jeden-was-dabei...-768x576.jpg 768w\" sizes=\"auto, (max-width: 1024px) 100vw, 1024px\" \/><figcaption>Beim Fr\u00fchst\u00fcck ist f\u00fcr jeden was dabei\u2026<\/figcaption><\/figure>\n\n\n\n<figure class=\"wp-block-image\"><img loading=\"lazy\" decoding=\"async\" width=\"1024\" height=\"768\" src=\"https:\/\/himmelszelt-mg.de\/wordpress\/wp-content\/uploads\/2019\/05\/Fr\u00fchst\u00fcck-im-Restaurante-1024x768.jpg\" alt=\"\" class=\"wp-image-198\" srcset=\"https:\/\/himmelszelt-mg.de\/wordpress\/wp-content\/uploads\/2019\/05\/Fr\u00fchst\u00fcck-im-Restaurante.jpg 1024w, https:\/\/himmelszelt-mg.de\/wordpress\/wp-content\/uploads\/2019\/05\/Fr\u00fchst\u00fcck-im-Restaurante-300x225.jpg 300w, https:\/\/himmelszelt-mg.de\/wordpress\/wp-content\/uploads\/2019\/05\/Fr\u00fchst\u00fcck-im-Restaurante-768x576.jpg 768w\" sizes=\"auto, (max-width: 1024px) 100vw, 1024px\" \/><figcaption>Fr\u00fchst\u00fcck im Restaurant<\/figcaption><\/figure>\n\n\n\n<figure class=\"wp-block-image\"><img loading=\"lazy\" decoding=\"async\" width=\"1024\" height=\"768\" src=\"https:\/\/himmelszelt-mg.de\/wordpress\/wp-content\/uploads\/2019\/05\/Fr\u00fchst\u00fccksbuffet-zu-Karneval-Viele-verschiedene-Speisen-aus-den-unterschiedlichsten-Nationen.-1024x768.jpg\" alt=\"\" class=\"wp-image-199\" srcset=\"https:\/\/himmelszelt-mg.de\/wordpress\/wp-content\/uploads\/2019\/05\/Fr\u00fchst\u00fccksbuffet-zu-Karneval-Viele-verschiedene-Speisen-aus-den-unterschiedlichsten-Nationen..jpg 1024w, https:\/\/himmelszelt-mg.de\/wordpress\/wp-content\/uploads\/2019\/05\/Fr\u00fchst\u00fccksbuffet-zu-Karneval-Viele-verschiedene-Speisen-aus-den-unterschiedlichsten-Nationen.-300x225.jpg 300w, https:\/\/himmelszelt-mg.de\/wordpress\/wp-content\/uploads\/2019\/05\/Fr\u00fchst\u00fccksbuffet-zu-Karneval-Viele-verschiedene-Speisen-aus-den-unterschiedlichsten-Nationen.-768x576.jpg 768w\" sizes=\"auto, (max-width: 1024px) 100vw, 1024px\" \/><figcaption>Fr\u00fchst\u00fccksbuffet zu Karneval &#8211; Viele verschiedene Speisen aus den unterschiedlichsten Nationen.<\/figcaption><\/figure>\n\n\n\n<figure class=\"wp-block-image\"><img loading=\"lazy\" decoding=\"async\" width=\"1024\" height=\"768\" src=\"https:\/\/himmelszelt-mg.de\/wordpress\/wp-content\/uploads\/2019\/05\/Fr\u00fchst\u00fccksbuffetzeit-von-8.00-bis-10.00-Uhr-In-diesem-Zeitraum-fr\u00fchst\u00fcckt-jedes-Kind-wann-und-mit-wem-es-m\u00f6chte.-1024x768.jpg\" alt=\"\" class=\"wp-image-200\" srcset=\"https:\/\/himmelszelt-mg.de\/wordpress\/wp-content\/uploads\/2019\/05\/Fr\u00fchst\u00fccksbuffetzeit-von-8.00-bis-10.00-Uhr-In-diesem-Zeitraum-fr\u00fchst\u00fcckt-jedes-Kind-wann-und-mit-wem-es-m\u00f6chte..jpg 1024w, https:\/\/himmelszelt-mg.de\/wordpress\/wp-content\/uploads\/2019\/05\/Fr\u00fchst\u00fccksbuffetzeit-von-8.00-bis-10.00-Uhr-In-diesem-Zeitraum-fr\u00fchst\u00fcckt-jedes-Kind-wann-und-mit-wem-es-m\u00f6chte.-300x225.jpg 300w, https:\/\/himmelszelt-mg.de\/wordpress\/wp-content\/uploads\/2019\/05\/Fr\u00fchst\u00fccksbuffetzeit-von-8.00-bis-10.00-Uhr-In-diesem-Zeitraum-fr\u00fchst\u00fcckt-jedes-Kind-wann-und-mit-wem-es-m\u00f6chte.-768x576.jpg 768w\" sizes=\"auto, (max-width: 1024px) 100vw, 1024px\" \/><figcaption>Fr\u00fchst\u00fccksbuffet von 8.00 bis 10.00 Uhr          In diesem Zeitraum fr\u00fchst\u00fcckt jedes Kind wann und mit wem es m\u00f6chte.<\/figcaption><\/figure>\n\n\n\n<figure class=\"wp-block-image\"><img loading=\"lazy\" decoding=\"async\" width=\"1024\" height=\"768\" src=\"https:\/\/himmelszelt-mg.de\/wordpress\/wp-content\/uploads\/2019\/05\/Gemeinsam-mit-den-Kindern-backen-wir-Brot-und-machen-M\u00fcsli-f\u00fcr-das-Fr\u00fcchst\u00fcck.-1024x768.jpg\" alt=\"\" class=\"wp-image-201\" srcset=\"https:\/\/himmelszelt-mg.de\/wordpress\/wp-content\/uploads\/2019\/05\/Gemeinsam-mit-den-Kindern-backen-wir-Brot-und-machen-M\u00fcsli-f\u00fcr-das-Fr\u00fcchst\u00fcck..jpg 1024w, https:\/\/himmelszelt-mg.de\/wordpress\/wp-content\/uploads\/2019\/05\/Gemeinsam-mit-den-Kindern-backen-wir-Brot-und-machen-M\u00fcsli-f\u00fcr-das-Fr\u00fcchst\u00fcck.-300x225.jpg 300w, https:\/\/himmelszelt-mg.de\/wordpress\/wp-content\/uploads\/2019\/05\/Gemeinsam-mit-den-Kindern-backen-wir-Brot-und-machen-M\u00fcsli-f\u00fcr-das-Fr\u00fcchst\u00fcck.-768x576.jpg 768w\" sizes=\"auto, (max-width: 1024px) 100vw, 1024px\" \/><figcaption>Gemeinsam mit den Kindern backen wir Brot und machen M\u00fcsli f\u00fcr das Fr\u00fchst\u00fcck.<\/figcaption><\/figure>\n\n\n\n<figure class=\"wp-block-image\"><img loading=\"lazy\" decoding=\"async\" width=\"1024\" height=\"768\" src=\"https:\/\/himmelszelt-mg.de\/wordpress\/wp-content\/uploads\/2019\/05\/Pizzabacken-f\u00fcr-den-Nachmittagsimbiss-1024x768.jpg\" alt=\"\" class=\"wp-image-202\" srcset=\"https:\/\/himmelszelt-mg.de\/wordpress\/wp-content\/uploads\/2019\/05\/Pizzabacken-f\u00fcr-den-Nachmittagsimbiss.jpg 1024w, https:\/\/himmelszelt-mg.de\/wordpress\/wp-content\/uploads\/2019\/05\/Pizzabacken-f\u00fcr-den-Nachmittagsimbiss-300x225.jpg 300w, https:\/\/himmelszelt-mg.de\/wordpress\/wp-content\/uploads\/2019\/05\/Pizzabacken-f\u00fcr-den-Nachmittagsimbiss-768x576.jpg 768w\" sizes=\"auto, (max-width: 1024px) 100vw, 1024px\" \/><figcaption>Pizzabacken f\u00fcr den Nachmittagsimbiss<\/figcaption><\/figure>\n\n\n\n<figure class=\"wp-block-image\"><img loading=\"lazy\" decoding=\"async\" width=\"1024\" height=\"915\" src=\"https:\/\/himmelszelt-mg.de\/wordpress\/wp-content\/uploads\/2019\/05\/W\u00f6chentlich-gehen-wir-zum-Markt-um-Obst-und-Gem\u00fcse-zu-kaufen-1024x915.jpg\" alt=\"\" class=\"wp-image-203\" srcset=\"https:\/\/himmelszelt-mg.de\/wordpress\/wp-content\/uploads\/2019\/05\/W\u00f6chentlich-gehen-wir-zum-Markt-um-Obst-und-Gem\u00fcse-zu-kaufen.jpg 1024w, https:\/\/himmelszelt-mg.de\/wordpress\/wp-content\/uploads\/2019\/05\/W\u00f6chentlich-gehen-wir-zum-Markt-um-Obst-und-Gem\u00fcse-zu-kaufen-300x268.jpg 300w, https:\/\/himmelszelt-mg.de\/wordpress\/wp-content\/uploads\/2019\/05\/W\u00f6chentlich-gehen-wir-zum-Markt-um-Obst-und-Gem\u00fcse-zu-kaufen-768x686.jpg 768w\" sizes=\"auto, (max-width: 1024px) 100vw, 1024px\" \/><figcaption>W\u00f6chentlich gehen wir zum Markt um Obst und Gem\u00fcse zu kaufen<\/figcaption><\/figure>\n","protected":false},"excerpt":{"rendered":"","protected":false},"author":1,"featured_media":0,"parent":0,"menu_order":0,"comment_status":"closed","ping_status":"closed","template":"","meta":{"footnotes":""},"class_list":["post-196","page","type-page","status-publish","hentry"],"_links":{"self":[{"href":"https:\/\/himmelszelt-mg.de\/wordpress\/wp-json\/wp\/v2\/pages\/196","targetHints":{"allow":["GET"]}}],"collection":[{"href":"https:\/\/himmelszelt-mg.de\/wordpress\/wp-json\/wp\/v2\/pages"}],"about":[{"href":"https:\/\/himmelszelt-mg.de\/wordpress\/wp-json\/wp\/v2\/types\/page"}],"author":[{"embeddable":true,"href":"https:\/\/himmelszelt-mg.de\/wordpress\/wp-json\/wp\/v2\/users\/1"}],"replies":[{"embeddable":true,"href":"https:\/\/himmelszelt-mg.de\/wordpress\/wp-json\/wp\/v2\/comments?post=196"}],"version-history":[{"count":1,"href":"https:\/\/himmelszelt-mg.de\/wordpress\/wp-json\/wp\/v2\/pages\/196\/revisions"}],"predecessor-version":[{"id":204,"href":"https:\/\/himmelszelt-mg.de\/wordpress\/wp-json\/wp\/v2\/pages\/196\/revisions\/204"}],"wp:attachment":[{"href":"https:\/\/himmelszelt-mg.de\/wordpress\/wp-json\/wp\/v2\/media?parent=196"}],"curies":[{"name":"wp","href":"https:\/\/api.w.org\/{rel}","templated":true}]}}